{"id":8179,"date":"2023-03-15T15:32:43","date_gmt":"2023-03-15T14:32:43","guid":{"rendered":"https:\/\/dev-museeherge.ovh\/?page_id=8179"},"modified":"2024-10-24T13:17:24","modified_gmt":"2024-10-24T11:17:24","slug":"confidentiality-and-cookies","status":"publish","type":"page","link":"https:\/\/museeherge.be\/en\/confidentiality-and-cookies\/","title":{"rendered":"Confidentiality and cookies"},"content":{"rendered":"<p><div class=\"fusion-fullwidth fullwidth-box fusion-builder-row-1 fusion-flex-container has-pattern-background has-mask-background nonhundred-percent-fullwidth non-hundred-percent-height-scrolling\" style=\"--awb-border-radius-top-left:0px;--awb-border-radius-top-right:0px;--awb-border-radius-bottom-right:0px;--awb-border-radius-bottom-left:0px;--awb-flex-wrap:wrap;\" ><div class=\"fusion-builder-row fusion-row fusion-flex-align-items-flex-start fusion-flex-content-wrap\" style=\"max-width:1341.6px;margin-left: calc(-4% \/ 2 );margin-right: calc(-4% \/ 2 );\"><div class=\"fusion-layout-column fusion_builder_column fusion-builder-column-0 fusion_builder_column_1_2 1_2 fusion-flex-column\" style=\"--awb-padding-left:45px;--awb-bg-size:cover;--awb-width-large:50%;--awb-margin-top-large:30px;--awb-spacing-right-large:3.84%;--awb-margin-bottom-large:20px;--awb-spacing-left-large:3.84%;--awb-width-medium:50%;--awb-order-medium:0;--awb-spacing-right-medium:3.84%;--awb-spacing-left-medium:3.84%;--awb-width-small:100%;--awb-order-small:0;--awb-spacing-right-small:1.92%;--awb-spacing-left-small:1.92%;\"><div class=\"fusion-column-wrapper fusion-column-has-shadow fusion-flex-justify-content-flex-start fusion-content-layout-column\"><nav class=\"fusion-breadcrumbs awb-yoast-breadcrumbs fusion-breadcrumbs-1\" style=\"--awb-breadcrumb-sep:&#039;\/&#039;;\" aria-label=\"Breadcrumb\"><span><span><a href=\"https:\/\/museeherge.be\/en\/\">Accueil<\/a><\/span><\/span><\/nav><\/div><\/div><\/div><\/div><div class=\"fusion-fullwidth fullwidth-box fusion-builder-row-2 fusion-flex-container has-pattern-background has-mask-background nonhundred-percent-fullwidth non-hundred-percent-height-scrolling\" style=\"--awb-border-radius-top-left:0px;--awb-border-radius-top-right:0px;--awb-border-radius-bottom-right:0px;--awb-border-radius-bottom-left:0px;--awb-flex-wrap:wrap;\" ><div class=\"fusion-builder-row fusion-row fusion-flex-align-items-center fusion-flex-content-wrap\" style=\"max-width:1341.6px;margin-left: calc(-4% \/ 2 );margin-right: calc(-4% \/ 2 );\"><div class=\"fusion-layout-column fusion_builder_column fusion-builder-column-1 fusion_builder_column_1_1 1_1 fusion-flex-column\" style=\"--awb-padding-top:10px;--awb-padding-right:40px;--awb-padding-bottom:50px;--awb-padding-left:40px;--awb-bg-size:cover;--awb-width-large:100%;--awb-margin-top-large:0px;--awb-spacing-right-large:1.92%;--awb-margin-bottom-large:20px;--awb-spacing-left-large:1.92%;--awb-width-medium:100%;--awb-order-medium:0;--awb-spacing-right-medium:1.92%;--awb-spacing-left-medium:1.92%;--awb-width-small:100%;--awb-order-small:0;--awb-spacing-right-small:1.92%;--awb-spacing-left-small:1.92%;\" data-scroll-devices=\"small-visibility,medium-visibility,large-visibility\"><div class=\"fusion-column-wrapper fusion-column-has-shadow fusion-flex-justify-content-flex-start fusion-content-layout-column\"><div class=\"fusion-title title fusion-title-1 fusion-sep-none fusion-title-text fusion-title-size-one main-title\" style=\"--awb-text-color:var(--awb-color4);--awb-margin-bottom:30px;--awb-font-size:55px;\"><h1 class=\"fusion-title-heading title-heading-left\" style=\"margin:0;font-size:1em;\">Conditions<\/h1><\/div><div class=\"fusion-title title fusion-title-2 fusion-sep-none fusion-title-text fusion-title-size-four semi-title\" style=\"--awb-text-color:var(--awb-color4);--awb-font-size:34px;\"><h4 class=\"fusion-title-heading title-heading-left\" style=\"font-family:&quot;myriad-pro&quot;;font-style:normal;font-weight:400;margin:0;text-transform:capitalize;font-size:1em;\">Text and data mining policy<\/h4><\/div><div class=\"fusion-text fusion-text-1\" style=\"--awb-content-alignment:left;\"><p>La Croix de l\u2019Aigle is opposed to any text and data harvesting operation within the meaning of article XI.190, 20\u00b0 of the Code of Economic Law. This opposition covers the entire\u00a0<a href=\"https:\/\/www.museeherge.be\/\" target=\"_blank\" rel=\"noopener\">https:\/\/www.museeherge.be\/<\/a> site and the content to which it gives access. All text and data harvesting and research operations targeting the\u00a0<a href=\"https:\/\/www.museherge.be\/\" target=\"_blank\" rel=\"noopener\">https:\/\/www.museeherge.be\/<\/a> site and its content, including through automated data collection devices, therefore constitute acts of counterfeiting, unless specifically and formally agreed by La Croix de l\u2019Aigle. The absence of metadata associated with the <a href=\"https:\/\/www.museeherge.be\/\" target=\"_blank\" rel=\"noopener\">https:\/\/www.museeherge.be\/<\/a> site, the site directories and the contents of the\u00a0tintin.com\u00a0site has no effect on the exercise of the right of opposition expressed in the present general conditions of use. To facilitate the reading of this right of opposition by any automated data collection device, this opposition is also expressed in the following manner: &lt; TDM-RESERVATION: 1&gt;.<\/p>\n<\/div><\/div><\/div><\/div><\/div><\/p>\n","protected":false},"excerpt":{"rendered":"","protected":false},"author":2,"featured_media":0,"parent":0,"menu_order":0,"comment_status":"closed","ping_status":"closed","template":"","meta":{"footnotes":""},"class_list":["post-8179","page","type-page","status-publish","hentry"],"yoast_head":"<!-- This site is optimized with the Yoast SEO plugin v27.3 - https:\/\/yoast.com\/product\/yoast-seo-wordpress\/ -->\n<title>Confidentiality and cookies - Mus\u00e9e Herg\u00e9<\/title>\n<meta name=\"robots\" content=\"index, follow, max-snippet:-1, max-image-preview:large, max-video-preview:-1\" \/>\n<link rel=\"canonical\" href=\"https:\/\/museeherge.be\/en\/confidentiality-and-cookies\/\" \/>\n<meta property=\"og:locale\" content=\"en_US\" \/>\n<meta property=\"og:type\" content=\"article\" \/>\n<meta property=\"og:title\" content=\"Confidentiality and cookies - Mus\u00e9e Herg\u00e9\" \/>\n<meta property=\"og:url\" content=\"https:\/\/museeherge.be\/en\/confidentiality-and-cookies\/\" \/>\n<meta property=\"og:site_name\" content=\"Mus\u00e9e Herg\u00e9\" \/>\n<meta property=\"article:modified_time\" content=\"2024-10-24T11:17:24+00:00\" \/>\n<meta name=\"twitter:card\" content=\"summary_large_image\" \/>\n<meta name=\"twitter:label1\" content=\"Est. reading time\" \/>\n\t<meta name=\"twitter:data1\" content=\"1 minute\" \/>\n<script type=\"application\/ld+json\" class=\"yoast-schema-graph\">{\"@context\":\"https:\\\/\\\/schema.org\",\"@graph\":[{\"@type\":\"WebPage\",\"@id\":\"https:\\\/\\\/museeherge.be\\\/en\\\/confidentiality-and-cookies\\\/\",\"url\":\"https:\\\/\\\/museeherge.be\\\/en\\\/confidentiality-and-cookies\\\/\",\"name\":\"Confidentiality and cookies - Mus\u00e9e Herg\u00e9\",\"isPartOf\":{\"@id\":\"https:\\\/\\\/museeherge.be\\\/en\\\/#website\"},\"datePublished\":\"2023-03-15T14:32:43+00:00\",\"dateModified\":\"2024-10-24T11:17:24+00:00\",\"breadcrumb\":{\"@id\":\"https:\\\/\\\/museeherge.be\\\/en\\\/confidentiality-and-cookies\\\/#breadcrumb\"},\"inLanguage\":\"en-US\",\"potentialAction\":[{\"@type\":\"ReadAction\",\"target\":[\"https:\\\/\\\/museeherge.be\\\/en\\\/confidentiality-and-cookies\\\/\"]}]},{\"@type\":\"BreadcrumbList\",\"@id\":\"https:\\\/\\\/museeherge.be\\\/en\\\/confidentiality-and-cookies\\\/#breadcrumb\",\"itemListElement\":[{\"@type\":\"ListItem\",\"position\":1,\"name\":\"Accueil\",\"item\":\"https:\\\/\\\/museeherge.be\\\/en\\\/\"},{\"@type\":\"ListItem\",\"position\":2,\"name\":\"Confidentiality and cookies\"}]},{\"@type\":\"WebSite\",\"@id\":\"https:\\\/\\\/museeherge.be\\\/en\\\/#website\",\"url\":\"https:\\\/\\\/museeherge.be\\\/en\\\/\",\"name\":\"Mus\u00e9e Herg\u00e9\",\"description\":\"Le Mus\u00e9e Herg\u00e9, pr\u00e8s de Bruxelles, pr\u00e9sente le fabuleux parcours du cr\u00e9ateur des Aventures de Tintin.\",\"publisher\":{\"@id\":\"https:\\\/\\\/museeherge.be\\\/en\\\/#organization\"},\"potentialAction\":[{\"@type\":\"SearchAction\",\"target\":{\"@type\":\"EntryPoint\",\"urlTemplate\":\"https:\\\/\\\/museeherge.be\\\/en\\\/?s={search_term_string}\"},\"query-input\":{\"@type\":\"PropertyValueSpecification\",\"valueRequired\":true,\"valueName\":\"search_term_string\"}}],\"inLanguage\":\"en-US\"},{\"@type\":\"Organization\",\"@id\":\"https:\\\/\\\/museeherge.be\\\/en\\\/#organization\",\"name\":\"La Croix de l'Aigle SA\",\"alternateName\":\"La Croix de l'Aigle\",\"url\":\"https:\\\/\\\/museeherge.be\\\/en\\\/\",\"logo\":{\"@type\":\"ImageObject\",\"inLanguage\":\"en-US\",\"@id\":\"https:\\\/\\\/museeherge.be\\\/en\\\/#\\\/schema\\\/logo\\\/image\\\/\",\"url\":\"https:\\\/\\\/museeherge.be\\\/wp-content\\\/uploads\\\/2026\\\/04\\\/logoo.jpg\",\"contentUrl\":\"https:\\\/\\\/museeherge.be\\\/wp-content\\\/uploads\\\/2026\\\/04\\\/logoo.jpg\",\"width\":696,\"height\":696,\"caption\":\"La Croix de l'Aigle SA\"},\"image\":{\"@id\":\"https:\\\/\\\/museeherge.be\\\/en\\\/#\\\/schema\\\/logo\\\/image\\\/\"}}]}<\/script>\n<!-- \/ Yoast SEO plugin. -->","yoast_head_json":{"title":"Confidentiality and cookies - Mus\u00e9e Herg\u00e9","robots":{"index":"index","follow":"follow","max-snippet":"max-snippet:-1","max-image-preview":"max-image-preview:large","max-video-preview":"max-video-preview:-1"},"canonical":"https:\/\/museeherge.be\/en\/confidentiality-and-cookies\/","og_locale":"en_US","og_type":"article","og_title":"Confidentiality and cookies - Mus\u00e9e Herg\u00e9","og_url":"https:\/\/museeherge.be\/en\/confidentiality-and-cookies\/","og_site_name":"Mus\u00e9e Herg\u00e9","article_modified_time":"2024-10-24T11:17:24+00:00","twitter_card":"summary_large_image","twitter_misc":{"Est. reading time":"1 minute"},"schema":{"@context":"https:\/\/schema.org","@graph":[{"@type":"WebPage","@id":"https:\/\/museeherge.be\/en\/confidentiality-and-cookies\/","url":"https:\/\/museeherge.be\/en\/confidentiality-and-cookies\/","name":"Confidentiality and cookies - Mus\u00e9e Herg\u00e9","isPartOf":{"@id":"https:\/\/museeherge.be\/en\/#website"},"datePublished":"2023-03-15T14:32:43+00:00","dateModified":"2024-10-24T11:17:24+00:00","breadcrumb":{"@id":"https:\/\/museeherge.be\/en\/confidentiality-and-cookies\/#breadcrumb"},"inLanguage":"en-US","potentialAction":[{"@type":"ReadAction","target":["https:\/\/museeherge.be\/en\/confidentiality-and-cookies\/"]}]},{"@type":"BreadcrumbList","@id":"https:\/\/museeherge.be\/en\/confidentiality-and-cookies\/#breadcrumb","itemListElement":[{"@type":"ListItem","position":1,"name":"Accueil","item":"https:\/\/museeherge.be\/en\/"},{"@type":"ListItem","position":2,"name":"Confidentiality and cookies"}]},{"@type":"WebSite","@id":"https:\/\/museeherge.be\/en\/#website","url":"https:\/\/museeherge.be\/en\/","name":"Mus\u00e9e Herg\u00e9","description":"Le Mus\u00e9e Herg\u00e9, pr\u00e8s de Bruxelles, pr\u00e9sente le fabuleux parcours du cr\u00e9ateur des Aventures de Tintin.","publisher":{"@id":"https:\/\/museeherge.be\/en\/#organization"},"potentialAction":[{"@type":"SearchAction","target":{"@type":"EntryPoint","urlTemplate":"https:\/\/museeherge.be\/en\/?s={search_term_string}"},"query-input":{"@type":"PropertyValueSpecification","valueRequired":true,"valueName":"search_term_string"}}],"inLanguage":"en-US"},{"@type":"Organization","@id":"https:\/\/museeherge.be\/en\/#organization","name":"La Croix de l'Aigle SA","alternateName":"La Croix de l'Aigle","url":"https:\/\/museeherge.be\/en\/","logo":{"@type":"ImageObject","inLanguage":"en-US","@id":"https:\/\/museeherge.be\/en\/#\/schema\/logo\/image\/","url":"https:\/\/museeherge.be\/wp-content\/uploads\/2026\/04\/logoo.jpg","contentUrl":"https:\/\/museeherge.be\/wp-content\/uploads\/2026\/04\/logoo.jpg","width":696,"height":696,"caption":"La Croix de l'Aigle SA"},"image":{"@id":"https:\/\/museeherge.be\/en\/#\/schema\/logo\/image\/"}}]}},"_links":{"self":[{"href":"https:\/\/museeherge.be\/en\/wp-json\/wp\/v2\/pages\/8179","targetHints":{"allow":["GET"]}}],"collection":[{"href":"https:\/\/museeherge.be\/en\/wp-json\/wp\/v2\/pages"}],"about":[{"href":"https:\/\/museeherge.be\/en\/wp-json\/wp\/v2\/types\/page"}],"author":[{"embeddable":true,"href":"https:\/\/museeherge.be\/en\/wp-json\/wp\/v2\/users\/2"}],"replies":[{"embeddable":true,"href":"https:\/\/museeherge.be\/en\/wp-json\/wp\/v2\/comments?post=8179"}],"version-history":[{"count":0,"href":"https:\/\/museeherge.be\/en\/wp-json\/wp\/v2\/pages\/8179\/revisions"}],"wp:attachment":[{"href":"https:\/\/museeherge.be\/en\/wp-json\/wp\/v2\/media?parent=8179"}],"curies":[{"name":"wp","href":"https:\/\/api.w.org\/{rel}","templated":true}]}}