{"id":8097,"date":"2023-03-15T15:32:43","date_gmt":"2023-03-15T14:32:43","guid":{"rendered":"https:\/\/dev-museeherge.ovh\/?page_id=8097"},"modified":"2024-10-24T11:45:50","modified_gmt":"2024-10-24T09:45:50","slug":"gebruiksvoorwaarden","status":"publish","type":"page","link":"https:\/\/museeherge.be\/nl\/gebruiksvoorwaarden\/","title":{"rendered":"Gebruiksvoorwaarden"},"content":{"rendered":"<p><div class=\"fusion-fullwidth fullwidth-box fusion-builder-row-1 fusion-flex-container has-pattern-background has-mask-background nonhundred-percent-fullwidth non-hundred-percent-height-scrolling\" style=\"--awb-border-radius-top-left:0px;--awb-border-radius-top-right:0px;--awb-border-radius-bottom-right:0px;--awb-border-radius-bottom-left:0px;--awb-flex-wrap:wrap;\" ><div class=\"fusion-builder-row fusion-row fusion-flex-align-items-flex-start fusion-flex-content-wrap\" style=\"max-width:1341.6px;margin-left: calc(-4% \/ 2 );margin-right: calc(-4% \/ 2 );\"><div class=\"fusion-layout-column fusion_builder_column fusion-builder-column-0 fusion_builder_column_1_2 1_2 fusion-flex-column\" style=\"--awb-padding-left:45px;--awb-bg-size:cover;--awb-width-large:50%;--awb-margin-top-large:30px;--awb-spacing-right-large:3.84%;--awb-margin-bottom-large:20px;--awb-spacing-left-large:3.84%;--awb-width-medium:50%;--awb-order-medium:0;--awb-spacing-right-medium:3.84%;--awb-spacing-left-medium:3.84%;--awb-width-small:100%;--awb-order-small:0;--awb-spacing-right-small:1.92%;--awb-spacing-left-small:1.92%;\"><div class=\"fusion-column-wrapper fusion-column-has-shadow fusion-flex-justify-content-flex-start fusion-content-layout-column\"><nav class=\"fusion-breadcrumbs awb-yoast-breadcrumbs fusion-breadcrumbs-1\" style=\"--awb-breadcrumb-sep:&#039;\/&#039;;\" aria-label=\"Breadcrumb\"><span><span><a href=\"https:\/\/museeherge.be\/nl\/\">Onthaal<\/a><\/span><\/span><\/nav><\/div><\/div><\/div><\/div><div class=\"fusion-fullwidth fullwidth-box fusion-builder-row-2 fusion-flex-container has-pattern-background has-mask-background nonhundred-percent-fullwidth non-hundred-percent-height-scrolling\" style=\"--awb-border-radius-top-left:0px;--awb-border-radius-top-right:0px;--awb-border-radius-bottom-right:0px;--awb-border-radius-bottom-left:0px;--awb-flex-wrap:wrap;\" ><div class=\"fusion-builder-row fusion-row fusion-flex-align-items-center fusion-flex-content-wrap\" style=\"max-width:1341.6px;margin-left: calc(-4% \/ 2 );margin-right: calc(-4% \/ 2 );\"><div class=\"fusion-layout-column fusion_builder_column fusion-builder-column-1 fusion_builder_column_1_1 1_1 fusion-flex-column\" style=\"--awb-padding-top:10px;--awb-padding-right:40px;--awb-padding-bottom:50px;--awb-padding-left:40px;--awb-bg-size:cover;--awb-width-large:100%;--awb-margin-top-large:0px;--awb-spacing-right-large:1.92%;--awb-margin-bottom-large:20px;--awb-spacing-left-large:1.92%;--awb-width-medium:100%;--awb-order-medium:0;--awb-spacing-right-medium:1.92%;--awb-spacing-left-medium:1.92%;--awb-width-small:100%;--awb-order-small:0;--awb-spacing-right-small:1.92%;--awb-spacing-left-small:1.92%;\" data-scroll-devices=\"small-visibility,medium-visibility,large-visibility\"><div class=\"fusion-column-wrapper fusion-column-has-shadow fusion-flex-justify-content-flex-start fusion-content-layout-column\"><div class=\"fusion-title title fusion-title-1 fusion-sep-none fusion-title-text fusion-title-size-one main-title\" style=\"--awb-text-color:var(--awb-color4);--awb-margin-bottom:30px;--awb-font-size:55px;\"><h1 class=\"fusion-title-heading title-heading-left\" style=\"margin:0;font-size:1em;\">Gebruiksvoorwaarden<\/h1><\/div><div class=\"fusion-title title fusion-title-2 fusion-sep-none fusion-title-text fusion-title-size-four semi-title\" style=\"--awb-text-color:var(--awb-color4);--awb-font-size:34px;\"><h4 class=\"fusion-title-heading title-heading-left\" style=\"font-family:&quot;myriad-pro&quot;;font-style:normal;font-weight:400;margin:0;text-transform:capitalize;font-size:1em;\">Beleid inzake tekst- en datamining<\/h4><\/div><div class=\"fusion-text fusion-text-1\" style=\"--awb-content-alignment:left;\"><p>La Croix de l\u2019Aigle verzet zich tegen elke vorm van dataharvesting, tekst- en datamining in de zin van artikel XI.190, 20\u00b0 van het Wetboek van economisch recht. Dit verzet geldt voor de hele website \u00a0<a href=\"https:\/\/www.museeherge.be\/\" target=\"_blank\" rel=\"noopener\">https:\/\/www.museeherge.be\/<\/a> en de content waar deze site toegang toe geeft. Elke vorm van dataharvesting, tekst- en datamining die gericht is op de website \u00a0<a href=\"https:\/\/www.museeherge.be\/\" target=\"_blank\" rel=\"noopener\">https:\/\/www.museeherge.be\/<\/a> en de content hierop, ook met behulp van tools voor automatische gegevensverzameling, wordt dan ook beschouwd als namaak tenzij een specifiek, formeel akkoord van La Croix de l\u2019Aigle verkregen werd. Het gebrek aan metadata gelinkt aan de website, directories van de website, content op de website <a href=\"https:\/\/www.museeherge.be\/\" target=\"_blank\" rel=\"noopener\">https:\/\/www.museeherge.be\/<\/a> heeft geen impact op het recht van verzet dat via de onderhavige algemene voorwaarden wordt uitgeoefend. Om dit recht van verzet gemakkelijk leesbaar te maken voor elke tool voor geautomatiseerde gegevensverzameling wordt het verzet ook op deze manier geformuleerd: &lt; TDM-RESERVATION: 1&gt;.<\/p>\n<\/div><\/div><\/div><\/div><\/div><\/p>\n","protected":false},"excerpt":{"rendered":"","protected":false},"author":2,"featured_media":0,"parent":0,"menu_order":0,"comment_status":"closed","ping_status":"closed","template":"","meta":{"footnotes":""},"class_list":["post-8097","page","type-page","status-publish","hentry"],"yoast_head":"<!-- This site is optimized with the Yoast SEO plugin v27.3 - https:\/\/yoast.com\/product\/yoast-seo-wordpress\/ -->\n<title>Gebruiksvoorwaarden - Mus\u00e9e Herg\u00e9<\/title>\n<meta name=\"robots\" content=\"index, follow, max-snippet:-1, max-image-preview:large, max-video-preview:-1\" \/>\n<link rel=\"canonical\" href=\"https:\/\/museeherge.be\/nl\/gebruiksvoorwaarden\/\" \/>\n<meta property=\"og:locale\" content=\"nl_NL\" \/>\n<meta property=\"og:type\" content=\"article\" \/>\n<meta property=\"og:title\" content=\"Gebruiksvoorwaarden - Mus\u00e9e Herg\u00e9\" \/>\n<meta property=\"og:url\" content=\"https:\/\/museeherge.be\/nl\/gebruiksvoorwaarden\/\" \/>\n<meta property=\"og:site_name\" content=\"Mus\u00e9e Herg\u00e9\" \/>\n<meta property=\"article:modified_time\" content=\"2024-10-24T09:45:50+00:00\" \/>\n<meta name=\"twitter:card\" content=\"summary_large_image\" \/>\n<meta name=\"twitter:label1\" content=\"Geschatte leestijd\" \/>\n\t<meta name=\"twitter:data1\" content=\"1 minuut\" \/>\n<script type=\"application\/ld+json\" class=\"yoast-schema-graph\">{\"@context\":\"https:\\\/\\\/schema.org\",\"@graph\":[{\"@type\":\"WebPage\",\"@id\":\"https:\\\/\\\/museeherge.be\\\/nl\\\/gebruiksvoorwaarden\\\/\",\"url\":\"https:\\\/\\\/museeherge.be\\\/nl\\\/gebruiksvoorwaarden\\\/\",\"name\":\"Gebruiksvoorwaarden - Mus\u00e9e Herg\u00e9\",\"isPartOf\":{\"@id\":\"https:\\\/\\\/museeherge.be\\\/nl\\\/#website\"},\"datePublished\":\"2023-03-15T14:32:43+00:00\",\"dateModified\":\"2024-10-24T09:45:50+00:00\",\"breadcrumb\":{\"@id\":\"https:\\\/\\\/museeherge.be\\\/nl\\\/gebruiksvoorwaarden\\\/#breadcrumb\"},\"inLanguage\":\"nl-NL\",\"potentialAction\":[{\"@type\":\"ReadAction\",\"target\":[\"https:\\\/\\\/museeherge.be\\\/nl\\\/gebruiksvoorwaarden\\\/\"]}]},{\"@type\":\"BreadcrumbList\",\"@id\":\"https:\\\/\\\/museeherge.be\\\/nl\\\/gebruiksvoorwaarden\\\/#breadcrumb\",\"itemListElement\":[{\"@type\":\"ListItem\",\"position\":1,\"name\":\"Onthaal\",\"item\":\"https:\\\/\\\/museeherge.be\\\/nl\\\/\"},{\"@type\":\"ListItem\",\"position\":2,\"name\":\"Gebruiksvoorwaarden\"}]},{\"@type\":\"WebSite\",\"@id\":\"https:\\\/\\\/museeherge.be\\\/nl\\\/#website\",\"url\":\"https:\\\/\\\/museeherge.be\\\/nl\\\/\",\"name\":\"Mus\u00e9e Herg\u00e9\",\"description\":\"Le Mus\u00e9e Herg\u00e9, pr\u00e8s de Bruxelles, pr\u00e9sente le fabuleux parcours du cr\u00e9ateur des Aventures de Tintin.\",\"publisher\":{\"@id\":\"https:\\\/\\\/museeherge.be\\\/nl\\\/#organization\"},\"potentialAction\":[{\"@type\":\"SearchAction\",\"target\":{\"@type\":\"EntryPoint\",\"urlTemplate\":\"https:\\\/\\\/museeherge.be\\\/nl\\\/?s={search_term_string}\"},\"query-input\":{\"@type\":\"PropertyValueSpecification\",\"valueRequired\":true,\"valueName\":\"search_term_string\"}}],\"inLanguage\":\"nl-NL\"},{\"@type\":\"Organization\",\"@id\":\"https:\\\/\\\/museeherge.be\\\/nl\\\/#organization\",\"name\":\"La Croix de l'Aigle SA\",\"alternateName\":\"La Croix de l'Aigle\",\"url\":\"https:\\\/\\\/museeherge.be\\\/nl\\\/\",\"logo\":{\"@type\":\"ImageObject\",\"inLanguage\":\"nl-NL\",\"@id\":\"https:\\\/\\\/museeherge.be\\\/nl\\\/#\\\/schema\\\/logo\\\/image\\\/\",\"url\":\"https:\\\/\\\/museeherge.be\\\/wp-content\\\/uploads\\\/2026\\\/04\\\/logoo.jpg\",\"contentUrl\":\"https:\\\/\\\/museeherge.be\\\/wp-content\\\/uploads\\\/2026\\\/04\\\/logoo.jpg\",\"width\":696,\"height\":696,\"caption\":\"La Croix de l'Aigle SA\"},\"image\":{\"@id\":\"https:\\\/\\\/museeherge.be\\\/nl\\\/#\\\/schema\\\/logo\\\/image\\\/\"}}]}<\/script>\n<!-- \/ Yoast SEO plugin. -->","yoast_head_json":{"title":"Gebruiksvoorwaarden - Mus\u00e9e Herg\u00e9","robots":{"index":"index","follow":"follow","max-snippet":"max-snippet:-1","max-image-preview":"max-image-preview:large","max-video-preview":"max-video-preview:-1"},"canonical":"https:\/\/museeherge.be\/nl\/gebruiksvoorwaarden\/","og_locale":"nl_NL","og_type":"article","og_title":"Gebruiksvoorwaarden - Mus\u00e9e Herg\u00e9","og_url":"https:\/\/museeherge.be\/nl\/gebruiksvoorwaarden\/","og_site_name":"Mus\u00e9e Herg\u00e9","article_modified_time":"2024-10-24T09:45:50+00:00","twitter_card":"summary_large_image","twitter_misc":{"Geschatte leestijd":"1 minuut"},"schema":{"@context":"https:\/\/schema.org","@graph":[{"@type":"WebPage","@id":"https:\/\/museeherge.be\/nl\/gebruiksvoorwaarden\/","url":"https:\/\/museeherge.be\/nl\/gebruiksvoorwaarden\/","name":"Gebruiksvoorwaarden - Mus\u00e9e Herg\u00e9","isPartOf":{"@id":"https:\/\/museeherge.be\/nl\/#website"},"datePublished":"2023-03-15T14:32:43+00:00","dateModified":"2024-10-24T09:45:50+00:00","breadcrumb":{"@id":"https:\/\/museeherge.be\/nl\/gebruiksvoorwaarden\/#breadcrumb"},"inLanguage":"nl-NL","potentialAction":[{"@type":"ReadAction","target":["https:\/\/museeherge.be\/nl\/gebruiksvoorwaarden\/"]}]},{"@type":"BreadcrumbList","@id":"https:\/\/museeherge.be\/nl\/gebruiksvoorwaarden\/#breadcrumb","itemListElement":[{"@type":"ListItem","position":1,"name":"Onthaal","item":"https:\/\/museeherge.be\/nl\/"},{"@type":"ListItem","position":2,"name":"Gebruiksvoorwaarden"}]},{"@type":"WebSite","@id":"https:\/\/museeherge.be\/nl\/#website","url":"https:\/\/museeherge.be\/nl\/","name":"Mus\u00e9e Herg\u00e9","description":"Le Mus\u00e9e Herg\u00e9, pr\u00e8s de Bruxelles, pr\u00e9sente le fabuleux parcours du cr\u00e9ateur des Aventures de Tintin.","publisher":{"@id":"https:\/\/museeherge.be\/nl\/#organization"},"potentialAction":[{"@type":"SearchAction","target":{"@type":"EntryPoint","urlTemplate":"https:\/\/museeherge.be\/nl\/?s={search_term_string}"},"query-input":{"@type":"PropertyValueSpecification","valueRequired":true,"valueName":"search_term_string"}}],"inLanguage":"nl-NL"},{"@type":"Organization","@id":"https:\/\/museeherge.be\/nl\/#organization","name":"La Croix de l'Aigle SA","alternateName":"La Croix de l'Aigle","url":"https:\/\/museeherge.be\/nl\/","logo":{"@type":"ImageObject","inLanguage":"nl-NL","@id":"https:\/\/museeherge.be\/nl\/#\/schema\/logo\/image\/","url":"https:\/\/museeherge.be\/wp-content\/uploads\/2026\/04\/logoo.jpg","contentUrl":"https:\/\/museeherge.be\/wp-content\/uploads\/2026\/04\/logoo.jpg","width":696,"height":696,"caption":"La Croix de l'Aigle SA"},"image":{"@id":"https:\/\/museeherge.be\/nl\/#\/schema\/logo\/image\/"}}]}},"_links":{"self":[{"href":"https:\/\/museeherge.be\/nl\/wp-json\/wp\/v2\/pages\/8097","targetHints":{"allow":["GET"]}}],"collection":[{"href":"https:\/\/museeherge.be\/nl\/wp-json\/wp\/v2\/pages"}],"about":[{"href":"https:\/\/museeherge.be\/nl\/wp-json\/wp\/v2\/types\/page"}],"author":[{"embeddable":true,"href":"https:\/\/museeherge.be\/nl\/wp-json\/wp\/v2\/users\/2"}],"replies":[{"embeddable":true,"href":"https:\/\/museeherge.be\/nl\/wp-json\/wp\/v2\/comments?post=8097"}],"version-history":[{"count":0,"href":"https:\/\/museeherge.be\/nl\/wp-json\/wp\/v2\/pages\/8097\/revisions"}],"wp:attachment":[{"href":"https:\/\/museeherge.be\/nl\/wp-json\/wp\/v2\/media?parent=8097"}],"curies":[{"name":"wp","href":"https:\/\/api.w.org\/{rel}","templated":true}]}}